{"id":336,"date":"2025-09-12T23:35:43","date_gmt":"2025-09-12T21:35:43","guid":{"rendered":"https:\/\/esenjin.xyz\/creations\/?page_id=336"},"modified":"2025-09-12T23:41:45","modified_gmt":"2025-09-12T21:41:45","slug":"droit-dauteur","status":"publish","type":"page","link":"https:\/\/esenjin.xyz\/creations\/droit-dauteur\/","title":{"rendered":"Mentions sur le droit d\u2019auteur"},"content":{"rendered":"\n<p>L\u2019ensemble des contenus publi\u00e9s sur ce site (textes, illustrations, photographies et autres cr\u00e9ations visuelles) est prot\u00e9g\u00e9 par les lois fran\u00e7aises et internationales relatives au droit d\u2019auteur et \u00e0 la propri\u00e9t\u00e9 intellectuelle. Ces \u0153uvres restent la propri\u00e9t\u00e9 exclusive d\u2019<strong>Esenjin Asakha<\/strong>.<\/p>\n\n\n\n<p>Toute reproduction, diffusion, modification ou exploitation, sous quelque forme que ce soit, sans autorisation \u00e9crite pr\u00e9alable, est strictement interdite et pourra donner lieu \u00e0 des poursuites conform\u00e9ment aux dispositions l\u00e9gales en vigueur.<\/p>\n\n\n\n<p>Certaines \u0153uvres visuelles peuvent \u00eatre soumises \u00e0 des droits sp\u00e9cifiques, indiqu\u00e9s le cas \u00e9ch\u00e9ant.<\/p>\n\n\n\n<p>Il est \u00e9galement interdit d\u2019extraire, de collecter ou d\u2019utiliser le contenu de ce site pour l\u2019entra\u00eenement ou l\u2019exploitation de mod\u00e8les d\u2019intelligence artificielle, sans autorisation expresse de l\u2019auteur.<\/p>\n","protected":false},"excerpt":{"rendered":"<p>L\u2019ensemble des contenus publi\u00e9s sur ce site (textes, illustrations, photographies et autres cr\u00e9ations visuelles) est prot\u00e9g\u00e9 par les lois fran\u00e7aises et internationales relatives au droit d\u2019auteur et \u00e0 la propri\u00e9t\u00e9 intellectuelle. Ces \u0153uvres restent la propri\u00e9t\u00e9 exclusive d\u2019Esenjin Asakha. Toute reproduction, diffusion, modification ou exploitation, sous quelque forme que ce soit, sans autorisation \u00e9crite pr\u00e9alable, &hellip; <\/p>\n<p class=\"link-more\"><a href=\"https:\/\/esenjin.xyz\/creations\/droit-dauteur\/\" class=\"more-link\">Lire la suite de<span class=\"screen-reader-text\">\u00ab\u00a0Mentions sur le droit d\u2019auteur\u00a0\u00bb<\/span><\/a><\/p>\n","protected":false},"author":1,"featured_media":35,"parent":0,"menu_order":0,"comment_status":"closed","ping_status":"closed","template":"","meta":{"inspiro_hide_title":false,"footnotes":""},"class_list":["post-336","page","type-page","status-publish","has-post-thumbnail","hentry"],"_links":{"self":[{"href":"https:\/\/esenjin.xyz\/creations\/wp-json\/wp\/v2\/pages\/336","targetHints":{"allow":["GET"]}}],"collection":[{"href":"https:\/\/esenjin.xyz\/creations\/wp-json\/wp\/v2\/pages"}],"about":[{"href":"https:\/\/esenjin.xyz\/creations\/wp-json\/wp\/v2\/types\/page"}],"author":[{"embeddable":true,"href":"https:\/\/esenjin.xyz\/creations\/wp-json\/wp\/v2\/users\/1"}],"replies":[{"embeddable":true,"href":"https:\/\/esenjin.xyz\/creations\/wp-json\/wp\/v2\/comments?post=336"}],"version-history":[{"count":2,"href":"https:\/\/esenjin.xyz\/creations\/wp-json\/wp\/v2\/pages\/336\/revisions"}],"predecessor-version":[{"id":340,"href":"https:\/\/esenjin.xyz\/creations\/wp-json\/wp\/v2\/pages\/336\/revisions\/340"}],"wp:featuredmedia":[{"embeddable":true,"href":"https:\/\/esenjin.xyz\/creations\/wp-json\/wp\/v2\/media\/35"}],"wp:attachment":[{"href":"https:\/\/esenjin.xyz\/creations\/wp-json\/wp\/v2\/media?parent=336"}],"curies":[{"name":"wp","href":"https:\/\/api.w.org\/{rel}","templated":true}]}}