{"id":66,"date":"2025-06-01T00:11:44","date_gmt":"2025-05-31T22:11:44","guid":{"rendered":"https:\/\/esenjin.xyz\/lectures\/?page_id=66"},"modified":"2025-06-01T00:35:29","modified_gmt":"2025-05-31T22:35:29","slug":"accueil","status":"publish","type":"page","link":"https:\/\/esenjin.xyz\/lectures\/","title":{"rendered":"Accueil"},"content":{"rendered":"\n<p>Selamat pagi !<\/p>\n\n\n\n<p>Moi, c&rsquo;est <strong>Esenjin Asakha<\/strong>. Ce petit site sans pr\u00e9tention me servira \u00e0 vous publier les histoires que j&rsquo;\u00e9cris.<\/p>\n\n\n\n<p>Pour me pr\u00e9senter en quelques mots : je suis n\u00e9 \u00e0 Nantes en 1992 et ai suivi un cursus artistique au sein du p\u00f4le des Arts Graphiques de La Joliverie (toujours \u00e0 Nantes). Je cr\u00e9er toujours, principalement des \u0153uvres visuelles (du dessin, de la peinture, de la photographie ainsi que de la gravure), que vous pouvez voir <a href=\"https:\/\/esenjin.xyz\/creations\/\" target=\"_blank\" rel=\"noreferrer noopener\">sur ce site<\/a>. Bien entendu, j&rsquo;\u00e9cris aussi un peu, et c&rsquo;est l&rsquo;objet de l&rsquo;endroit o\u00f9 vous \u00eates.<\/p>\n\n\n\n<p>Pour le moment, vous pouvez lire ici :<\/p>\n\n\n\n<h2 class=\"wp-block-heading\">Par-del\u00e0 l&rsquo;horizon<\/h2>\n\n\n<div class=\"wp-block-image\">\n<figure class=\"aligncenter size-large\"><img loading=\"lazy\" decoding=\"async\" width=\"1024\" height=\"768\" src=\"https:\/\/esenjin.xyz\/lectures\/wp-content\/uploads\/sites\/3\/2025\/06\/par-del-l-horizon-1024x768.png\" alt=\"\" class=\"wp-image-68\" style=\"object-fit:cover\" srcset=\"https:\/\/esenjin.xyz\/lectures\/wp-content\/uploads\/sites\/3\/2025\/06\/par-del-l-horizon-1024x768.png 1024w, https:\/\/esenjin.xyz\/lectures\/wp-content\/uploads\/sites\/3\/2025\/06\/par-del-l-horizon-300x225.png 300w, https:\/\/esenjin.xyz\/lectures\/wp-content\/uploads\/sites\/3\/2025\/06\/par-del-l-horizon-768x576.png 768w, https:\/\/esenjin.xyz\/lectures\/wp-content\/uploads\/sites\/3\/2025\/06\/par-del-l-horizon-1536x1152.png 1536w, https:\/\/esenjin.xyz\/lectures\/wp-content\/uploads\/sites\/3\/2025\/06\/par-del-l-horizon-200x150.png 200w, https:\/\/esenjin.xyz\/lectures\/wp-content\/uploads\/sites\/3\/2025\/06\/par-del-l-horizon-800x600.png 800w, https:\/\/esenjin.xyz\/lectures\/wp-content\/uploads\/sites\/3\/2025\/06\/par-del-l-horizon-1333x1000.png 1333w, https:\/\/esenjin.xyz\/lectures\/wp-content\/uploads\/sites\/3\/2025\/06\/par-del-l-horizon.png 2048w\" sizes=\"auto, (max-width: 1024px) 100vw, 1024px\" \/><\/figure>\n<\/div>\n\n\n<p>Le premier chapitre est inspir\u00e9 d&rsquo;un r\u00eave que j&rsquo;ai fait. En me r\u00e9veillant, je m&rsquo;en souvenais encore, et je me suis dit qu&rsquo;il serait sympa d&rsquo;en faire une histoire. On y suit quatre myst\u00e9rieuses femmes dans un monde fantastique, o\u00f9 la magie existe et o\u00f9 les hommes sont peu nombreux et ont \u00e9t\u00e9 r\u00e9duits \u00e0 l&rsquo;esclavage.<\/p>\n\n\n\n<p><strong>Liste des chapitres :<\/strong><\/p>\n\n\n<ul class=\"wp-block-latest-posts__list wp-block-latest-posts\"><li><a class=\"wp-block-latest-posts__post-title\" href=\"https:\/\/esenjin.xyz\/lectures\/wiki\/\">Wiki<\/a><\/li>\n<li><a class=\"wp-block-latest-posts__post-title\" href=\"https:\/\/esenjin.xyz\/lectures\/chronologie\/\">Chronologie<\/a><\/li>\n<li><a class=\"wp-block-latest-posts__post-title\" href=\"https:\/\/esenjin.xyz\/lectures\/calendrier\/\">Calendrier<\/a><\/li>\n<li><a class=\"wp-block-latest-posts__post-title\" href=\"https:\/\/esenjin.xyz\/lectures\/ch-01-premices\/\">Ch. 01 &#8211; Pr\u00e9mices<\/a><\/li>\n<\/ul>\n\n\n<h2 class=\"wp-block-heading\">Entre parenth\u00e8ses<\/h2>\n\n\n<div class=\"wp-block-image\">\n<figure class=\"aligncenter size-large\"><img loading=\"lazy\" decoding=\"async\" width=\"1024\" height=\"481\" src=\"https:\/\/esenjin.xyz\/lectures\/wp-content\/uploads\/sites\/3\/2025\/06\/entre-parenth-ses-1024x481.png\" alt=\"\" class=\"wp-image-67\" style=\"object-fit:cover\" srcset=\"https:\/\/esenjin.xyz\/lectures\/wp-content\/uploads\/sites\/3\/2025\/06\/entre-parenth-ses-1024x481.png 1024w, https:\/\/esenjin.xyz\/lectures\/wp-content\/uploads\/sites\/3\/2025\/06\/entre-parenth-ses-300x141.png 300w, https:\/\/esenjin.xyz\/lectures\/wp-content\/uploads\/sites\/3\/2025\/06\/entre-parenth-ses-768x361.png 768w, https:\/\/esenjin.xyz\/lectures\/wp-content\/uploads\/sites\/3\/2025\/06\/entre-parenth-ses-1536x721.png 1536w, https:\/\/esenjin.xyz\/lectures\/wp-content\/uploads\/sites\/3\/2025\/06\/entre-parenth-ses-2048x961.png 2048w, https:\/\/esenjin.xyz\/lectures\/wp-content\/uploads\/sites\/3\/2025\/06\/entre-parenth-ses-200x94.png 200w, https:\/\/esenjin.xyz\/lectures\/wp-content\/uploads\/sites\/3\/2025\/06\/entre-parenth-ses-900x423.png 900w, https:\/\/esenjin.xyz\/lectures\/wp-content\/uploads\/sites\/3\/2025\/06\/entre-parenth-ses-1600x751.png 1600w\" sizes=\"auto, (max-width: 1024px) 100vw, 1024px\" \/><\/figure>\n<\/div>\n\n\n<p>Quelques po\u00e8mes que j&rsquo;ai r\u00e9dig\u00e9s entre 2009 et 2019. Ils racontent des choses tr\u00e8s personnelles et, g\u00e9n\u00e9ralement, je trouve l&rsquo;inspiration lorsque je suis triste, abattu ou d\u00e9sesp\u00e9r\u00e9. Ce n&rsquo;est peut-\u00eatre pas la meilleure id\u00e9e de me lire si vous \u00eates d\u00e9prim\u00e9.<\/p>\n\n\n\n<p><strong>Liste des chapitres :<\/strong><\/p>\n\n\n<ul class=\"wp-block-latest-posts__list wp-block-latest-posts\"><li><a class=\"wp-block-latest-posts__post-title\" href=\"https:\/\/esenjin.xyz\/lectures\/larmes\/\">Larmes<\/a><\/li>\n<li><a class=\"wp-block-latest-posts__post-title\" href=\"https:\/\/esenjin.xyz\/lectures\/une-nuit\/\">Une nuit<\/a><\/li>\n<li><a class=\"wp-block-latest-posts__post-title\" href=\"https:\/\/esenjin.xyz\/lectures\/couleurs-femme\/\">Couleurs femme<\/a><\/li>\n<li><a class=\"wp-block-latest-posts__post-title\" href=\"https:\/\/esenjin.xyz\/lectures\/epilogue\/\">\u00c9pilogue<\/a><\/li>\n<li><a class=\"wp-block-latest-posts__post-title\" href=\"https:\/\/esenjin.xyz\/lectures\/a-mon-pere\/\">\u00c0 mon p\u00e8re<\/a><\/li>\n<\/ul>","protected":false},"excerpt":{"rendered":"<p>Selamat pagi ! Moi, c&rsquo;est Esenjin Asakha. Ce petit site sans pr\u00e9tention me servira \u00e0 vous publier les histoires que j&rsquo;\u00e9cris. Pour me pr\u00e9senter en quelques mots : je suis n\u00e9 \u00e0 Nantes en 1992 et ai suivi un cursus artistique au sein du p\u00f4le des Arts Graphiques de La Joliverie (toujours \u00e0 Nantes). Je&hellip;<\/p>\n","protected":false},"author":1,"featured_media":85,"parent":0,"menu_order":0,"comment_status":"closed","ping_status":"closed","template":"","meta":{"footnotes":""},"class_list":["post-66","page","type-page","status-publish","has-post-thumbnail","hentry"],"_links":{"self":[{"href":"https:\/\/esenjin.xyz\/lectures\/wp-json\/wp\/v2\/pages\/66","targetHints":{"allow":["GET"]}}],"collection":[{"href":"https:\/\/esenjin.xyz\/lectures\/wp-json\/wp\/v2\/pages"}],"about":[{"href":"https:\/\/esenjin.xyz\/lectures\/wp-json\/wp\/v2\/types\/page"}],"author":[{"embeddable":true,"href":"https:\/\/esenjin.xyz\/lectures\/wp-json\/wp\/v2\/users\/1"}],"replies":[{"embeddable":true,"href":"https:\/\/esenjin.xyz\/lectures\/wp-json\/wp\/v2\/comments?post=66"}],"version-history":[{"count":2,"href":"https:\/\/esenjin.xyz\/lectures\/wp-json\/wp\/v2\/pages\/66\/revisions"}],"predecessor-version":[{"id":71,"href":"https:\/\/esenjin.xyz\/lectures\/wp-json\/wp\/v2\/pages\/66\/revisions\/71"}],"wp:featuredmedia":[{"embeddable":true,"href":"https:\/\/esenjin.xyz\/lectures\/wp-json\/wp\/v2\/media\/85"}],"wp:attachment":[{"href":"https:\/\/esenjin.xyz\/lectures\/wp-json\/wp\/v2\/media?parent=66"}],"curies":[{"name":"wp","href":"https:\/\/api.w.org\/{rel}","templated":true}]}}